{"id":1815,"date":"2019-09-17T14:26:29","date_gmt":"2019-09-17T12:26:29","guid":{"rendered":"http:\/\/auto-ecole-sociale.be\/?page_id=1815"},"modified":"2019-11-28T06:23:42","modified_gmt":"2019-11-28T05:23:42","slug":"qui-a-le-droit-de-sinscrire-dans-une-auto-ecole-sociale","status":"publish","type":"page","link":"https:\/\/auto-ecole-sociale.be\/index.php\/qui-a-le-droit-de-sinscrire-dans-une-auto-ecole-sociale\/","title":{"rendered":"Qui a le droit de s&rsquo;inscrire dans une auto-\u00e9cole sociale?"},"content":{"rendered":"<p><span style=\"color: #000000;\"><img decoding=\"async\" loading=\"lazy\" class=\"wp-image-458 aligncenter\" src=\"http:\/\/auto-ecole-sociale.be\/wp-content\/uploads\/2017\/04\/p10.png\" alt=\"\" width=\"133\" height=\"133\" srcset=\"https:\/\/auto-ecole-sociale.be\/wp-content\/uploads\/2017\/04\/p10.png 250w, https:\/\/auto-ecole-sociale.be\/wp-content\/uploads\/2017\/04\/p10-150x150.png 150w, https:\/\/auto-ecole-sociale.be\/wp-content\/uploads\/2017\/04\/p10-100x100.png 100w\" sizes=\"(max-width: 133px) 100vw, 133px\" \/><\/span><\/p>\n<p><span style=\"color: #000000; vertical-align: inherit;\"><span style=\"vertical-align: inherit;\"><span style=\"vertical-align: inherit;\"><span style=\"vertical-align: inherit;\">Pour passer votre permis de conduire dans une auto-\u00e9cole sociale, vous devez absolument avoir le statut suivant :<\/span><\/span><\/span><\/span><\/p>\n<p><span style=\"color: #000000;\">Etre demandeur(se) d\u2019emploi inoccup\u00e9(e) depuis au moins 12 mois, inscrit(e) au FOREM ou \u00e9quivalent (ACTIRIS\u2026) (Pas n\u00e9cessairement ch\u00f4meur(se) indemnis\u00e9(e)). La phase de stage d\u2019insertion (anciennement stage d\u2019attente) est \u00e9galement prise en compte.<\/span><\/p>\n<p><span style=\"color: #000000;\">OU<\/span><\/p>\n<p><span style=\"color: #000000;\">Etre b\u00e9n\u00e9ficiaire du revenu d\u2019int\u00e9gration sociale (CPAS) ou d\u2019une aide sociale \u00e9quivalente.<\/span><\/p>\n<p><span style=\"color: #000000;\">OU<\/span><\/p>\n<p><span style=\"color: #000000;\">Etre atteint(e) d\u2019un handicap reconnu \u00e0 + de 80% ou \u00e0 + de 12 points<\/span><\/p>\n","protected":false},"excerpt":{"rendered":"<p>Pour passer votre permis de conduire dans une auto-\u00e9cole sociale, vous devez absolument avoir le statut suivant : Etre demandeur(se) d\u2019emploi inoccup\u00e9(e) depuis au moins 12 mois, inscrit(e) au FOREM ou \u00e9quivalent (ACTIRIS\u2026) (Pas n\u00e9cessairement ch\u00f4meur(se) indemnis\u00e9(e)). La phase de stage d\u2019insertion (anciennement stage d\u2019attente) est \u00e9galement prise en compte. OU Etre b\u00e9n\u00e9ficiaire du revenu [&hellip;]<\/p>\n","protected":false},"author":1,"featured_media":0,"parent":0,"menu_order":0,"comment_status":"closed","ping_status":"closed","template":"page-templates\/page_fullwidth.php","meta":[],"_links":{"self":[{"href":"https:\/\/auto-ecole-sociale.be\/index.php\/wp-json\/wp\/v2\/pages\/1815"}],"collection":[{"href":"https:\/\/auto-ecole-sociale.be\/index.php\/wp-json\/wp\/v2\/pages"}],"about":[{"href":"https:\/\/auto-ecole-sociale.be\/index.php\/wp-json\/wp\/v2\/types\/page"}],"author":[{"embeddable":true,"href":"https:\/\/auto-ecole-sociale.be\/index.php\/wp-json\/wp\/v2\/users\/1"}],"replies":[{"embeddable":true,"href":"https:\/\/auto-ecole-sociale.be\/index.php\/wp-json\/wp\/v2\/comments?post=1815"}],"version-history":[{"count":7,"href":"https:\/\/auto-ecole-sociale.be\/index.php\/wp-json\/wp\/v2\/pages\/1815\/revisions"}],"predecessor-version":[{"id":2009,"href":"https:\/\/auto-ecole-sociale.be\/index.php\/wp-json\/wp\/v2\/pages\/1815\/revisions\/2009"}],"wp:attachment":[{"href":"https:\/\/auto-ecole-sociale.be\/index.php\/wp-json\/wp\/v2\/media?parent=1815"}],"curies":[{"name":"wp","href":"https:\/\/api.w.org\/{rel}","templated":true}]}}