{"id":28,"date":"2017-02-10T10:54:29","date_gmt":"2017-02-10T09:54:29","guid":{"rendered":"http:\/\/auto-ecole-sociale.be\/?page_id=28"},"modified":"2021-10-25T10:19:25","modified_gmt":"2021-10-25T08:19:25","slug":"video","status":"publish","type":"page","link":"https:\/\/auto-ecole-sociale.be\/index.php\/video\/","title":{"rendered":"Vid\u00e9os\/Publications"},"content":{"rendered":"<p><strong><em>Reportage de T\u00e9l\u00e9sambre\u00a0: 22 octobre 2021 \u2013 Journaliste\u00a0: Olivier Bohain<\/em><\/strong><\/p>\n<p><strong><em>L\u2019acc\u00e8s au permis de conduire peut para\u00eetre anodin pour certains mais pour d\u2019autres, il constitue une \u00e9preuve. Le co\u00fbt d\u00e9j\u00e0 et puis, m\u00eame si le th\u00e9orique est r\u00e9ussi, il faut encore pouvoir apprendre \u00e0 conduire et s\u2019il n\u2019y a personne dans l\u2019entourage pour accompagner les apprentis, il faut passer par des cours d\u2019auto-\u00e9cole qui sont on\u00e9reux. L\u2019ASBL Chantier propose donc une solution pour les personnes en difficult\u00e9<\/em><\/strong><\/p>\n<p><a href=\"https:\/\/l.facebook.com\/l.php?u=https%3A%2F%2Fwww.telesambre.be%2Fl-auto-ecole-sociale-l-alternative-pour-passer-le-permis-de-conduire%3Ffbclid%3DIwAR21lWRJU1OL8OR1zqzfRE58ppB1kDp7I3_EgeJ7oIwWu0fEmzWfsE-NL60&amp;h=AT0TnADoy5DFdJ0snNmr5dVMWsUq1yu25iXaS7B0d92_m8DIL_JdE8Eir6tNPDIwaznUXZiNcp54ShW2t2VUIWqtHToFfSsWLC8gMTQUWF91FgLhzy6O6kernw_DW8jZoA7AEa_-QTa0ABMJvjqu&amp;__tn__=H-R&amp;c[0]=AT0dNFJXMldGSmvUKCzfDlHJrfTAvAFcXIDMcehj4IoWnYc-Jv9b-bD31wg9aLoqbNNHdn9ae4gv0izL7Zf7XxJs5bjDESPxLBg2J4FOSxwVPBjjNMgIuemvJ5JWD8pRN8wrI8wxOP-W82q4AOg0vAepqQ\" target=\"_blank\" rel=\"noopener\">https:\/\/l.facebook.com\/l.php?u=https%3A%2F%2Fwww.telesambre.be%2Fl-auto-ecole-sociale-l-alternative-pour-passer-le-permis-de-conduire%3Ffbclid%3DIwAR21lWRJU1OL8OR1zqzfRE58ppB1kDp7I3_EgeJ7oIwWu0fEmzWfsE-NL60&amp;h=AT0TnADoy5DFdJ0snNmr5dVMWsUq1yu25iXaS7B0d92_m8DIL_JdE8Eir6tNPDIwaznUXZiNcp54ShW2t2VUIWqtHToFfSsWLC8gMTQUWF91FgLhzy6O6kernw_DW8jZoA7AEa_-QTa0ABMJvjqu&amp;__tn__=H-R&amp;c[0]=AT0dNFJXMldGSmvUKCzfDlHJrfTAvAFcXIDMcehj4IoWnYc-Jv9b-bD31wg9aLoqbNNHdn9ae4gv0izL7Zf7XxJs5bjDESPxLBg2J4FOSxwVPBjjNMgIuemvJ5JWD8pRN8wrI8wxOP-W82q4AOg0vAepqQ<\/a><\/p>\n<p><strong><span style=\"font-family: 'Georgia','serif'; color: #333333;\"><span style=\"vertical-align: inherit;\"><span style=\"vertical-align: inherit;\">\u00c9MISSION 1 APRES &#8211; TELESAMBRE DU 14 SEPTEMBRE 2017<\/span><\/span><\/span><\/strong><\/p>\n<p style=\"font-variant-ligatures: normal; font-variant-caps: normal; orphans: 2; text-align: start; widows: 2; -webkit-text-stroke-width: 0px; text-decoration-style: initial; text-decoration-color: initial; word-spacing: 0px;\"><span style=\"font-family: 'Georgia','serif'; color: #333333;\"><a href=\"http:\/\/www.telesambre.be\/un-an-apres-un-an-apres-septembre-2017-_d_23413.html\" target=\"_blank\" rel=\"noopener noreferrer\"><span style=\"vertical-align: inherit;\"><span style=\"vertical-align: inherit;\"><span style=\"vertical-align: inherit;\">http:\/\/www.telesambre.be\/un-an-apres-un-an-apres-septembre-2017-_d_23413.html<\/span><\/span><\/span><\/a><\/span><\/p>\n<p><span style=\"vertical-align: inherit;\"><span style=\"vertical-align: inherit;\">Notre ASBL est agr\u00e9\u00e9e auto-\u00e9cole sociale sous le n \u00b0\u00a0 <\/span><\/span><strong><span style=\"vertical-align: inherit;\"><span style=\"vertical-align: inherit;\">2901.<\/span><\/span><\/strong><\/p>\n<p><span style=\"vertical-align: inherit;\"><span style=\"vertical-align: inherit;\">En cliquant sur les liens ci-dessous, vous pourrez prendre connaissance de trois vid\u00e9os. <\/span><span style=\"vertical-align: inherit;\">La premi\u00e8re, un \u00e9t\u00e9 r\u00e9alis\u00e9 \u00e0 l&rsquo;occasion de l&rsquo;inauguration de notre auto-\u00e9cole sociale en septembre 2016.<\/span><\/span><\/p>\n<p><iframe loading=\"lazy\" title=\"autoecole\" src=\"https:\/\/player.vimeo.com\/video\/181591668\" width=\"584\" height=\"329\" frameborder=\"0\" allowfullscreen=\"allowfullscreen\" data-mce-fragment=\"1\"><\/iframe><\/p>\n<p><span style=\"vertical-align: inherit;\"><span style=\"vertical-align: inherit;\">La deuxi\u00e8me \u00e9dition a \u00e9t\u00e9 r\u00e9alis\u00e9e dans le cadre de notre participation \u00e0 l&rsquo; <\/span><\/span><strong><span style=\"vertical-align: inherit;\"><span style=\"vertical-align: inherit;\">ETHIAS PREVENTION AWARDS 2015-2016<\/span><\/span><\/strong><\/p>\n<p><a href=\"https:\/\/vimeo.com\/xlstudio\/review\/163219444\/35f307a812\" target=\"_blank\" rel=\"noopener noreferrer\"><span style=\"vertical-align: inherit;\"><span style=\"vertical-align: inherit;\">https:\/\/vimeo.com\/xlstudio\/review\/163219444\/35f307a812 <\/span><\/span><\/a><a href=\"http:\/\/www.eftchantier.be\/auto-ecole-sociale\" target=\"_blank\" rel=\"noopener noreferrer\"><span style=\"vertical-align: inherit;\"><span style=\"vertical-align: inherit;\">http<\/span><\/span><\/a><\/p>\n<p><span style=\"vertical-align: inherit;\"><span style=\"vertical-align: inherit;\">Le troisi\u00e8me jour du reportage de RTL \/ TVI le 06 septembre 2016 sur l&rsquo;auto-\u00e9cole sociale.<\/span><\/span><\/p>\n<p><a href=\"http:\/\/www.rtl.be\/info\/video\/594725.aspx\" target=\"_blank\" rel=\"noopener noreferrer\"><span style=\"vertical-align: inherit;\"><span style=\"vertical-align: inherit;\">http:\/\/www.rtl.be\/info\/video\/594725.aspx<\/span><\/span><\/a><\/p>\n<h4><strong><span style=\"color: #339966;\">Lettre d&rsquo;information de l&rsquo;ASBL CHANTIER : Septembre 2016<\/span><\/strong><\/h4>\n<p><a href=\"http:\/\/www.eftchantier.be\/wp-content\/uploads\/2016\/09\/lettre-dinfo-chantier-2016.pdf\" target=\"_blank\" rel=\"noopener\">http:\/\/www.eftchantier.be\/wp-content\/uploads\/2016\/09\/lettre-dinfo-chantier-2016.pdf<\/a><\/p>\n","protected":false},"excerpt":{"rendered":"<p>Reportage de T\u00e9l\u00e9sambre\u00a0: 22 octobre 2021 \u2013 Journaliste\u00a0: Olivier Bohain L\u2019acc\u00e8s au permis de conduire peut para\u00eetre anodin pour certains mais pour d\u2019autres, il constitue une \u00e9preuve. Le co\u00fbt d\u00e9j\u00e0 et puis, m\u00eame si le th\u00e9orique est r\u00e9ussi, il faut encore pouvoir apprendre \u00e0 conduire et s\u2019il n\u2019y a personne dans l\u2019entourage pour accompagner les [&hellip;]<\/p>\n","protected":false},"author":1,"featured_media":0,"parent":0,"menu_order":0,"comment_status":"closed","ping_status":"closed","template":"page-templates\/page_fullwidth.php","meta":[],"_links":{"self":[{"href":"https:\/\/auto-ecole-sociale.be\/index.php\/wp-json\/wp\/v2\/pages\/28"}],"collection":[{"href":"https:\/\/auto-ecole-sociale.be\/index.php\/wp-json\/wp\/v2\/pages"}],"about":[{"href":"https:\/\/auto-ecole-sociale.be\/index.php\/wp-json\/wp\/v2\/types\/page"}],"author":[{"embeddable":true,"href":"https:\/\/auto-ecole-sociale.be\/index.php\/wp-json\/wp\/v2\/users\/1"}],"replies":[{"embeddable":true,"href":"https:\/\/auto-ecole-sociale.be\/index.php\/wp-json\/wp\/v2\/comments?post=28"}],"version-history":[{"count":16,"href":"https:\/\/auto-ecole-sociale.be\/index.php\/wp-json\/wp\/v2\/pages\/28\/revisions"}],"predecessor-version":[{"id":2865,"href":"https:\/\/auto-ecole-sociale.be\/index.php\/wp-json\/wp\/v2\/pages\/28\/revisions\/2865"}],"wp:attachment":[{"href":"https:\/\/auto-ecole-sociale.be\/index.php\/wp-json\/wp\/v2\/media?parent=28"}],"curies":[{"name":"wp","href":"https:\/\/api.w.org\/{rel}","templated":true}]}}