{"id":362,"date":"2017-02-20T10:05:50","date_gmt":"2017-02-20T09:05:50","guid":{"rendered":"http:\/\/auto-ecole-sociale.be\/?page_id=362"},"modified":"2024-01-03T10:31:54","modified_gmt":"2024-01-03T09:31:54","slug":"la-formation-pratique","status":"publish","type":"page","link":"https:\/\/auto-ecole-sociale.be\/index.php\/la-formation-pratique\/","title":{"rendered":"La formation pratique"},"content":{"rendered":"<p>La formation pratique peut \u00eatre suivie dans une auto-\u00e9cole agr\u00e9\u00e9e (commerciale ou sociale).<\/p>\n<p>Vous pouvez aussi apprendre par vous-m\u00eame en fili\u00e8re libre avec un guide.<\/p>\n<p><strong>1. Le permis de conduire provisoire<\/strong> :<\/p>\n<p>Le permis de conduire provisoire peut \u00eatre obtenu apr\u00e8s avoir suivi <strong>20 heures<\/strong> de cours minimum dans une auto-\u00e9cole agr\u00e9\u00e9e et avoir pr\u00e9sent\u00e9 un premier examen pratique dans un centre d&rsquo;examen. La r\u00e9ussite de cet examen permet de recevoir un <u>certificat d&rsquo;aptitudes.<\/u> Cet examen assure que vous ma\u00eetrisez votre v\u00e9hicule et que vous \u00eates capable de vous int\u00e9grer correctement dans la circulation. Le centre d&rsquo;examen de r\u00e9clamation d&rsquo;une redevance de <strong>67 \u20ac<\/strong> pour ce certificat d&rsquo;aptitudes.<\/p>\n<p>Dans notre auto-\u00e9cole sociale, il vous est demand\u00e9 <strong>900 \u20ac<\/strong> pour ces 20 heures de cours.\u00a0\u00a0<img decoding=\"async\" loading=\"lazy\" src=\"http:\/\/auto-ecole-sociale.be\/wp-content\/uploads\/2017\/04\/p7.jpg\" alt=\"\" width=\"181\" height=\"181\" \/><\/p>\n<p>Ce permis est valable 18 mois \u00e0 dater de sa date de livraison. A l&rsquo;issue de ces 18 mois, vous devez passer l&rsquo;examen pratique final ou vous ne pouvez plus rouler. Avec ce type de permis provisoire, vous pouvez achever le reste de votre formation sans moniteur : c&rsquo;est ce qu&rsquo;on appelle la <strong>p\u00e9riode de stage<\/strong>.<\/p>\n<p>Attention : comme vous \u00eates encore un(e) \u00ab\u00a0apprenti(e)\u00a0\u00bb conducteur(trice), vous ne pouvez \u00eatre accompagn\u00e9(e) que d&rsquo;une autre personne quand vous conduisez, \u00e0 condition qu&rsquo;il soit \u00e2g\u00e9 de 24 ans au moins et que cette personne n&rsquo;ait pas \u00e9t\u00e9 d\u00e9chue du permis de conduire.<\/p>\n<p><strong>2. La p\u00e9riode de stage :\u00a0<\/strong><\/p>\n<p>La p\u00e9riode de stage est de minimum 3 mois et de maximum 18 mois. Si vous laissez passer ce d\u00e9lai de 18 mois avant de passer l&rsquo;examen pratique d\u00e9finitif, vous devez tout recommencer.<\/p>\n<p><strong>3. La fili\u00e8re 30 heures d&rsquo;auto-\u00e9cole :<\/strong><\/p>\n<p>Si vous ne disposez pas d&rsquo;une voiture personnelle pour r\u00e9aliser votre p\u00e9riode de stage, vous n&rsquo;\u00eates pas en mesure de vous exercer \u00e0 la conduite avant votre passage \u00e0 l&rsquo;examen d\u00e9finitif. Il est donc pr\u00e9f\u00e9rable de passer l&rsquo;examen pratique final sans d\u00e9lai et sans permis provisoire. Pour ce faire, vous devrez obligatoirement passer par un apprentissage complet en auto-\u00e9cole d&rsquo;une dur\u00e9e de <strong>30 heures minimum<\/strong>.<\/p>\n<p>Les 30 heures au sein de notre auto-\u00e9cole vous co\u00fbtera <strong>1.350 \u20ac TVAC<\/strong>.<\/p>\n<p><strong>ATTENTION : <\/strong>avant de passer votre examen pratique d\u00e9finitif au Centre d&rsquo;examen, vous devez r\u00e9ussir un <strong>\u00ab\u00a0test de perception des risques\u00a0\u00bb<\/strong> au Centre d&rsquo;examen (voir onglet \u00ab\u00a0test de perception des risques\u00a0\u00bb).<\/p>\n","protected":false},"excerpt":{"rendered":"<p>La formation pratique peut \u00eatre suivie dans une auto-\u00e9cole agr\u00e9\u00e9e (commerciale ou sociale). Vous pouvez aussi apprendre par vous-m\u00eame en fili\u00e8re libre avec un guide. 1. Le permis de conduire provisoire : Le permis de conduire provisoire peut \u00eatre obtenu apr\u00e8s avoir suivi 20 heures de cours minimum dans une auto-\u00e9cole agr\u00e9\u00e9e et avoir pr\u00e9sent\u00e9 [&hellip;]<\/p>\n","protected":false},"author":1,"featured_media":0,"parent":0,"menu_order":0,"comment_status":"closed","ping_status":"closed","template":"page-templates\/page_fullwidth.php","meta":[],"_links":{"self":[{"href":"https:\/\/auto-ecole-sociale.be\/index.php\/wp-json\/wp\/v2\/pages\/362"}],"collection":[{"href":"https:\/\/auto-ecole-sociale.be\/index.php\/wp-json\/wp\/v2\/pages"}],"about":[{"href":"https:\/\/auto-ecole-sociale.be\/index.php\/wp-json\/wp\/v2\/types\/page"}],"author":[{"embeddable":true,"href":"https:\/\/auto-ecole-sociale.be\/index.php\/wp-json\/wp\/v2\/users\/1"}],"replies":[{"embeddable":true,"href":"https:\/\/auto-ecole-sociale.be\/index.php\/wp-json\/wp\/v2\/comments?post=362"}],"version-history":[{"count":47,"href":"https:\/\/auto-ecole-sociale.be\/index.php\/wp-json\/wp\/v2\/pages\/362\/revisions"}],"predecessor-version":[{"id":4015,"href":"https:\/\/auto-ecole-sociale.be\/index.php\/wp-json\/wp\/v2\/pages\/362\/revisions\/4015"}],"wp:attachment":[{"href":"https:\/\/auto-ecole-sociale.be\/index.php\/wp-json\/wp\/v2\/media?parent=362"}],"curies":[{"name":"wp","href":"https:\/\/api.w.org\/{rel}","templated":true}]}}