{"id":371,"date":"2017-02-20T10:09:23","date_gmt":"2017-02-20T09:09:23","guid":{"rendered":"http:\/\/auto-ecole-sociale.be\/?page_id=371"},"modified":"2024-01-03T10:34:23","modified_gmt":"2024-01-03T09:34:23","slug":"lobtention-du-permis-de-conduire-b","status":"publish","type":"page","link":"https:\/\/auto-ecole-sociale.be\/index.php\/lobtention-du-permis-de-conduire-b\/","title":{"rendered":"L&rsquo;obtention du permis de conduire B"},"content":{"rendered":"<p><img decoding=\"async\" loading=\"lazy\" src=\"http:\/\/auto-ecole-sociale.be\/wp-content\/uploads\/2017\/04\/p4.jpg\" alt=\"\" width=\"304\" height=\"197\" \/><\/p>\n<p>D\u00e8s que vous avez r\u00e9ussi votre examen pratique, le Centre d&rsquo;examen vous d\u00e9livre une <strong>\u00abdemande d&rsquo;un permis de conduire\u00bb<\/strong>. Ce document que vous signez au recto et au verso, vous permet d&rsquo;enlever votre permis de conduire \u00e0 votre administration communale, contre un montant de <strong>35 \u20ac<\/strong> (\u00e0 Charleroi) et 2 photos d&rsquo;identit\u00e9 r\u00e9centes.<\/p>\n<p>Si vous avez \u00e9chou\u00e9 \u00e0 l&rsquo;examen pratique, vous ne pouvez pas vous pr\u00e9senter \u00e0 un nouvel examen le jour m\u00eame. Si malheureusement, vous \u00e9chouez \u00e0 deux reprises\u00a0\u00e0 l&rsquo;examen pratique, vous devez retourner suivre au moins <strong>6 heures<\/strong> d&rsquo;enseignement pratique dans une auto-\u00e9cole agr\u00e9\u00e9e.<\/p>\n<p>Dans notre auto-\u00e9cole sociale, nous vous demanderons la somme de <strong>270 \u20ac<\/strong> pour ces 6 heures de formation suppl\u00e9mentaire.<\/p>\n<p>Vous trouverez \u00e9galement d&rsquo;excellents renseignements compl\u00e9mentaires sur le site : \u00a0\u00bb\u00a0<a href=\"https:\/\/www.smartdrivers.be\" target=\"_blank\" rel=\"noopener noreferrer\">https:\/\/www.smartdrivers.be<\/a>\u00ab\u00a0, r\u00e9alis\u00e9 par l&rsquo;Institut\u00a0public \u00ab\u00a0Vias\u00a0\u00bb.<\/p>\n","protected":false},"excerpt":{"rendered":"<p>D\u00e8s que vous avez r\u00e9ussi votre examen pratique, le Centre d&rsquo;examen vous d\u00e9livre une \u00abdemande d&rsquo;un permis de conduire\u00bb. Ce document que vous signez au recto et au verso, vous permet d&rsquo;enlever votre permis de conduire \u00e0 votre administration communale, contre un montant de 35 \u20ac (\u00e0 Charleroi) et 2 photos d&rsquo;identit\u00e9 r\u00e9centes. Si vous [&hellip;]<\/p>\n","protected":false},"author":1,"featured_media":0,"parent":0,"menu_order":0,"comment_status":"closed","ping_status":"closed","template":"page-templates\/page_fullwidth.php","meta":[],"_links":{"self":[{"href":"https:\/\/auto-ecole-sociale.be\/index.php\/wp-json\/wp\/v2\/pages\/371"}],"collection":[{"href":"https:\/\/auto-ecole-sociale.be\/index.php\/wp-json\/wp\/v2\/pages"}],"about":[{"href":"https:\/\/auto-ecole-sociale.be\/index.php\/wp-json\/wp\/v2\/types\/page"}],"author":[{"embeddable":true,"href":"https:\/\/auto-ecole-sociale.be\/index.php\/wp-json\/wp\/v2\/users\/1"}],"replies":[{"embeddable":true,"href":"https:\/\/auto-ecole-sociale.be\/index.php\/wp-json\/wp\/v2\/comments?post=371"}],"version-history":[{"count":19,"href":"https:\/\/auto-ecole-sociale.be\/index.php\/wp-json\/wp\/v2\/pages\/371\/revisions"}],"predecessor-version":[{"id":4016,"href":"https:\/\/auto-ecole-sociale.be\/index.php\/wp-json\/wp\/v2\/pages\/371\/revisions\/4016"}],"wp:attachment":[{"href":"https:\/\/auto-ecole-sociale.be\/index.php\/wp-json\/wp\/v2\/media?parent=371"}],"curies":[{"name":"wp","href":"https:\/\/api.w.org\/{rel}","templated":true}]}}